{"id":819,"date":"2023-05-17T11:00:32","date_gmt":"2023-05-17T11:00:32","guid":{"rendered":"https:\/\/faconlead.com\/copisterias\/?page_id=819"},"modified":"2023-10-23T07:36:41","modified_gmt":"2023-10-23T07:36:41","slug":"copisteria-online","status":"publish","type":"page","link":"https:\/\/faconlead.com\/copisterias\/","title":{"rendered":"Tr\u00e1nsformate a una Copister\u00eda online que venda 24 horas"},"content":{"rendered":"<p>[vc_row][vc_column][vc_single_image image=&#8221;872&#8243; img_size=&#8221;full&#8221; alignment=&#8221;center&#8221; style=&#8221;vc_box_rounded&#8221;][vc_empty_space height=&#8221;40px&#8221; el_class=&#8221;hidden-sm hidden-xs&#8221;][vc_custom_heading text=&#8221;Abre tu Copister\u00eda online 24 horas&#8221; font_container=&#8221;tag:div|font_size:30px|text_align:center|color:%23252525&#8243; use_theme_fonts=&#8221;yes&#8221; css=&#8221;.vc_custom_1684345183504{margin-top: 0px !important;margin-bottom: 10px !important;}&#8221;][vc_empty_space el_class=&#8221;hidden-sm hidden-xs&#8221;][vc_column_text]<\/p>\n<h4><strong>\u00bfTienes una copister\u00eda o Imprenta?<\/strong><\/h4>\n<p style=\"text-align: justify;\">Si esta respuesta es afirmativa, est\u00e1s de suerte\u2026 <strong>Faconlead<\/strong>\u00a0puede ofrecerte un sistema para que tu <strong>Copister\u00eda online funcione 24 horas al d\u00eda<\/strong>, sin necesidad de contratar m\u00e1s personal, con un sistema organizado y eficiente que har\u00e1 que tu web sea una de las fuentes principales de negocio.<\/p>\n<p style=\"text-align: justify;\">Tienes la oportunidad de hacer crecer tu negocio, convirtiendo tu web corporativa en un potente sistema de impresi\u00f3n online que facilitar\u00e1 la llegada de nuevas oportunidades de negocio, facilitar\u00e1 todos tus procesos, ahorr\u00e1ndote tiempo y costes para llevar a cabo tus trabajos. Son muchas las ventajas de una <strong>Copister\u00eda online<\/strong>.<\/p>\n<p>[\/vc_column_text][vc_btn title=&#8221;VOLVER A FACONLEAD&#8221; align=&#8221;center&#8221; link=&#8221;url:http%3A%2F%2Fwww.faconlead.com&#8221;][vc_empty_space height=&#8221;40px&#8221; el_class=&#8221;hidden-sm hidden-xs&#8221;][\/vc_column][\/vc_row][vc_row][vc_column width=&#8221;1\/2&#8243;][vc_column_text]<\/p>\n<h4><strong>As\u00ed lo ven tus clientes \ud83d\udc47<\/strong><\/h4>\n<p>[\/vc_column_text][vc_single_image image=&#8221;820&#8243; img_size=&#8221;full&#8221; alignment=&#8221;center&#8221; style=&#8221;vc_box_rounded&#8221; onclick=&#8221;link_image&#8221;][\/vc_column][vc_column width=&#8221;1\/2&#8243;][vc_column_text]<\/p>\n<h4><strong>As\u00ed de sencillo configuras tu Copister\u00eda online\ud83d\udc47<\/strong><\/h4>\n<p>[\/vc_column_text][vc_single_image image=&#8221;821&#8243; img_size=&#8221;full&#8221; alignment=&#8221;center&#8221; style=&#8221;vc_box_rounded&#8221; onclick=&#8221;link_image&#8221;][\/vc_column][\/vc_row][vc_row][vc_column][vc_custom_heading text=&#8221;\u00bfQu\u00e9 te ofrecemos?&#8221; font_container=&#8221;tag:div|font_size:30px|text_align:center|color:%23252525&#8243; use_theme_fonts=&#8221;yes&#8221; css=&#8221;.vc_custom_1684320419833{margin-top: 0px !important;margin-bottom: 10px !important;}&#8221;][vc_column_text]<\/p>\n<p style=\"text-align: justify;\">Nuestro principal compromiso es crear alrededor de tu web un completo sistema de impresi\u00f3n online para captar nuevas oportunidades de negocio para t\u00fa copister\u00eda 24 horas al d\u00eda. Y no solo ofrecemos esto\u2026 Tambi\u00e9n te ayudamos a posicionar tu web, para captar cada d\u00eda m\u00e1s clientes. Gesti\u00f3n de redes sociales, gesti\u00f3n del contenido de tu web, generaci\u00f3n de tr\u00e1fico para que tu tienda online aparezca siempre en las primeras posiciones de los buscadores.<\/p>\n<p>En concreto esto es todo lo que te ofrecemos:<\/p>\n<ul>\n<li>Web Corporativa Avanzada<\/li>\n<li>Formulario de contacto<\/li>\n<li>Formulario de solicitud de Presupuesto<\/li>\n<li>Sistema de impresi\u00f3n online<\/li>\n<li>Mantenimiento, actualizaci\u00f3n y copia de seguridad de la web<\/li>\n<li>Gesti\u00f3n de redes sociales (Facebook, Instagram, Tik Tok,\u2026 ) con al menos 20 publicaciones al mes.<\/li>\n<li>SEO Avanzado \u2013 Posicionamiento avanzado sin l\u00edmite de palabras clave<\/li>\n<li>Creaci\u00f3n, actualizaci\u00f3n y mantenimiento de la Ficha de Google Maps. Posicionamiento local.<\/li>\n<li>Desarrollo de contenido (Im\u00e1gen, v\u00eddeo y texto)<\/li>\n<\/ul>\n<p>[\/vc_column_text][vc_btn title=&#8221;VOLVER A FACONLEAD&#8221; align=&#8221;center&#8221; link=&#8221;url:http%3A%2F%2Fwww.faconlead.com&#8221;][\/vc_column][\/vc_row][vc_row][vc_column][vc_custom_heading text=&#8221;\u00bfCu\u00e1nto cuesta todo esto?&#8221; font_container=&#8221;tag:div|font_size:30px|text_align:center|color:%23252525&#8243; use_theme_fonts=&#8221;yes&#8221; css=&#8221;.vc_custom_1684321123093{margin-top: 0px !important;margin-bottom: 10px !important;}&#8221;][vc_row_inner][vc_column_inner width=&#8221;1\/3&#8243;]<div class=\"ult_pricing_table_wrap ult_design_6  ult-cs-black  \">\n\t\t\t\t\t<div class=\"ult_pricing_table \" style=\" \"><div id=\"price-table-wrap-5068\" class=\"ult_pricing_heading\" style=\"\">\n\t\t\t\t\t\t\t<h3 class=\"price-heading ult-responsive cust-headformat\"  data-ultimate-target='#price-table-wrap-5068 .cust-headformat'  data-responsive-json-new='{\"font-size\":\"\",\"line-height\":\"\"}'  style=\"font-weight:normal;\">OPCI\u00d3N FULL PACK<\/h3><h5  data-ultimate-target='#price-table-wrap-5068 .cust-subhead'  data-responsive-json-new='{\"font-size\":\"\",\"line-height\":\"\"}'  class=\"price-subheading ult-responsive cust-subhead\" style=\"font-weight:normal;\">M\u00f3dulo Copister\u00eda y Kit de marketing digital completo<\/h5><\/div><!--ult_pricing_heading--><div class=\"ult_price_body_block\" style=\"\">\n\t\t\t\t\t\t\t<div class=\"ult_price_body\">\n\t\t\t\t\t\t\t\t<div id=\"price-table-wrap-5234\"  class=\"ult_price\">\n\t\t\t\t\t\t\t\t\t<span  data-ultimate-target='#price-table-wrap-5234 .ult_price_figure'  data-responsive-json-new='{\"font-size\":\"\",\"line-height\":\"\"}'  class=\"ult_price_figure ult-responsive\" style=\"font-weight:normal;\">150 \u20ac<\/span>\n\t\t\t\t\t\t\t\t\t<span  data-ultimate-target='#price-table-wrap-5234 .ult_price_term'  data-responsive-json-new='{\"font-size\":\"\",\"line-height\":\"\"}'  class=\"ult_price_term ult-responsive\" style=\"font-weight:normal;\">Mes<\/span>\n\t\t\t\t\t\t\t\t<\/div>\n\t\t\t\t\t\t\t<\/div>\n\t\t\t\t\t\t<\/div><!--ult_price_body_block--><div id=\"price-table-features-wrap-1720\" class=\"ult_price_features ult-responsive\"  data-ultimate-target='#price-table-features-wrap-1720'  data-responsive-json-new='{\"font-size\":\"\",\"line-height\":\"\"}'  style=\"font-weight:normal;\">\n\t\t\t\t\t\t\t<p><strong>Web Corporativa Avanzada con modulo de copister\u00eda online (Pago inicial y \u00fanico de 700 \u20ac)<\/strong><br \/>\nFormulario de contacto<br \/>\nFormulario de solicitud de Presupuesto<br \/>\nSistema de impresi\u00f3n online<br \/>\nMantenimiento, actualizaci\u00f3n y copia de seguridad de la web<br \/>\nGesti\u00f3n de redes sociales (Facebook, Instagram, Tik Tok,\u2026 ) con al menos 20 publicaciones al mes.<br \/>\nSEO Avanzado \u2013 Posicionamiento avanzado sin l\u00edmite de palabras clave<br \/>\nCreaci\u00f3n, actualizaci\u00f3n y mantenimiento de la Ficha de Google Maps. Posicionamiento local.<br \/>\nDesarrollo de contenido (Imagen, v\u00eddeo y texto)<\/p>\n\n\t\t\t\t\t\t<\/div><!--ult_price_features--><div class=\"ult_clr\"><\/div>\n\t\t\t<\/div><!--pricing_table-->\n\t\t<\/div><!--pricing_table_wrap-->[\/vc_column_inner][vc_column_inner width=&#8221;1\/3&#8243;]<div class=\"ult_pricing_table_wrap ult_design_6 ult_featured ult-cs-custom  \">\n\t\t\t\t\t<div class=\"ult_pricing_table \" style=\" \"><div id=\"price-table-wrap-7244\" class=\"ult_pricing_heading\" style=\"background:#05ffff;color:#000000;\">\n\t\t\t\t\t\t\t<h3 class=\"price-heading ult-responsive cust-headformat\"  data-ultimate-target='#price-table-wrap-7244 .cust-headformat'  data-responsive-json-new='{\"font-size\":\"\",\"line-height\":\"\"}'  style=\"font-weight:normal;\">OPCI\u00d3N BASIC<\/h3><h5  data-ultimate-target='#price-table-wrap-7244 .cust-subhead'  data-responsive-json-new='{\"font-size\":\"\",\"line-height\":\"\"}'  class=\"price-subheading ult-responsive cust-subhead\" style=\"font-weight:normal;\">S\u00f3lo m\u00f3dulo de copister\u00eda Online<\/h5><\/div><!--ult_pricing_heading--><div class=\"ult_price_body_block\" style=\"background:#05ffff;color:#000000;\">\n\t\t\t\t\t\t\t<div class=\"ult_price_body\">\n\t\t\t\t\t\t\t\t<div id=\"price-table-wrap-6723\"  class=\"ult_price\">\n\t\t\t\t\t\t\t\t\t<span  data-ultimate-target='#price-table-wrap-6723 .ult_price_figure'  data-responsive-json-new='{\"font-size\":\"\",\"line-height\":\"\"}'  class=\"ult_price_figure ult-responsive\" style=\"font-weight:normal;\">600 \u20ac<\/span>\n\t\t\t\t\t\t\t\t\t<span  data-ultimate-target='#price-table-wrap-6723 .ult_price_term'  data-responsive-json-new='{\"font-size\":\"\",\"line-height\":\"\"}'  class=\"ult_price_term ult-responsive\" style=\"font-weight:normal;\">A\u00f1o<\/span>\n\t\t\t\t\t\t\t\t<\/div>\n\t\t\t\t\t\t\t<\/div>\n\t\t\t\t\t\t<\/div><!--ult_price_body_block--><div id=\"price-table-features-wrap-4530\" class=\"ult_price_features ult-responsive\"  data-ultimate-target='#price-table-features-wrap-4530'  data-responsive-json-new='{\"font-size\":\"\",\"line-height\":\"\"}'  style=\"font-weight:normal;\">\n\t\t\t\t\t\t\t<p>Instalaci\u00f3n de m\u00f3dulo de copister\u00eda online<\/p>\n<p>Mantenimiento y soporte m\u00f3dulo<\/p>\n\n\t\t\t\t\t\t<\/div><!--ult_price_features--><div class=\"ult_clr\"><\/div>\n\t\t\t<\/div><!--pricing_table-->\n\t\t<\/div><!--pricing_table_wrap-->[\/vc_column_inner][vc_column_inner width=&#8221;1\/3&#8243;]<div class=\"ult_pricing_table_wrap ult_design_6  ult-cs-black  \">\n\t\t\t\t\t<div class=\"ult_pricing_table \" style=\" \"><div id=\"price-table-wrap-2265\" class=\"ult_pricing_heading\" style=\"\">\n\t\t\t\t\t\t\t<h3 class=\"price-heading ult-responsive cust-headformat\"  data-ultimate-target='#price-table-wrap-2265 .cust-headformat'  data-responsive-json-new='{\"font-size\":\"\",\"line-height\":\"\"}'  style=\"font-weight:normal;\">OPCI\u00d3N LITE<\/h3><h5  data-ultimate-target='#price-table-wrap-2265 .cust-subhead'  data-responsive-json-new='{\"font-size\":\"\",\"line-height\":\"\"}'  class=\"price-subheading ult-responsive cust-subhead\" style=\"font-weight:normal;\">M\u00f3dulo Copister\u00eda y Kit de marketing digital RRSS<\/h5><\/div><!--ult_pricing_heading--><div class=\"ult_price_body_block\" style=\"\">\n\t\t\t\t\t\t\t<div class=\"ult_price_body\">\n\t\t\t\t\t\t\t\t<div id=\"price-table-wrap-6955\"  class=\"ult_price\">\n\t\t\t\t\t\t\t\t\t<span  data-ultimate-target='#price-table-wrap-6955 .ult_price_figure'  data-responsive-json-new='{\"font-size\":\"\",\"line-height\":\"\"}'  class=\"ult_price_figure ult-responsive\" style=\"font-weight:normal;\">100 \u20ac<\/span>\n\t\t\t\t\t\t\t\t\t<span  data-ultimate-target='#price-table-wrap-6955 .ult_price_term'  data-responsive-json-new='{\"font-size\":\"\",\"line-height\":\"\"}'  class=\"ult_price_term ult-responsive\" style=\"font-weight:normal;\">Mes<\/span>\n\t\t\t\t\t\t\t\t<\/div>\n\t\t\t\t\t\t\t<\/div>\n\t\t\t\t\t\t<\/div><!--ult_price_body_block--><div id=\"price-table-features-wrap-1683\" class=\"ult_price_features ult-responsive\"  data-ultimate-target='#price-table-features-wrap-1683'  data-responsive-json-new='{\"font-size\":\"\",\"line-height\":\"\"}'  style=\"font-weight:normal;\">\n\t\t\t\t\t\t\t<p><strong>Web Corporativa Avanzada con modulo de copister\u00eda online (Pago inicial y \u00fanico de 700 \u20ac)<\/strong><br \/>\nFormulario de contacto<br \/>\nFormulario de solicitud de Presupuesto<br \/>\nSistema de impresi\u00f3n online<br \/>\nMantenimiento, actualizaci\u00f3n y copia de seguridad de la web<br \/>\nGesti\u00f3n de redes sociales (Facebook, Instagram, Tik Tok,\u2026 ) con al menos 20 publicaciones al mes.<br \/>\nSEO Lite \u2013 Posicionamiento avanzado para una palabra clave<br \/>\nDesarrollo de contenido (Imagen y texto)<\/p>\n\n\t\t\t\t\t\t<\/div><!--ult_price_features--><div class=\"ult_clr\"><\/div>\n\t\t\t<\/div><!--pricing_table-->\n\t\t<\/div><!--pricing_table_wrap-->[\/vc_column_inner][\/vc_row_inner][\/vc_column][\/vc_row][vc_row][vc_column width=&#8221;1\/2&#8243;][vc_custom_heading text=&#8221;Solicita informaci\u00f3n&#8221; font_container=&#8221;tag:div|font_size:30px|text_align:center|color:%23252525&#8243; use_theme_fonts=&#8221;yes&#8221; css=&#8221;.vc_custom_1684322851142{margin-top: 0px !important;margin-bottom: 10px !important;}&#8221;]<script type=\"text\/javascript\">var gform;gform||(document.addEventListener(\"gform_main_scripts_loaded\",function(){gform.scriptsLoaded=!0}),window.addEventListener(\"DOMContentLoaded\",function(){gform.domLoaded=!0}),gform={domLoaded:!1,scriptsLoaded:!1,initializeOnLoaded:function(o){gform.domLoaded&&gform.scriptsLoaded?o():!gform.domLoaded&&gform.scriptsLoaded?window.addEventListener(\"DOMContentLoaded\",o):document.addEventListener(\"gform_main_scripts_loaded\",o)},hooks:{action:{},filter:{}},addAction:function(o,n,r,t){gform.addHook(\"action\",o,n,r,t)},addFilter:function(o,n,r,t){gform.addHook(\"filter\",o,n,r,t)},doAction:function(o){gform.doHook(\"action\",o,arguments)},applyFilters:function(o){return gform.doHook(\"filter\",o,arguments)},removeAction:function(o,n){gform.removeHook(\"action\",o,n)},removeFilter:function(o,n,r){gform.removeHook(\"filter\",o,n,r)},addHook:function(o,n,r,t,i){null==gform.hooks[o][n]&&(gform.hooks[o][n]=[]);var e=gform.hooks[o][n];null==i&&(i=n+\"_\"+e.length),gform.hooks[o][n].push({tag:i,callable:r,priority:t=null==t?10:t})},doHook:function(n,o,r){var t;if(r=Array.prototype.slice.call(r,1),null!=gform.hooks[n][o]&&((o=gform.hooks[n][o]).sort(function(o,n){return o.priority-n.priority}),o.forEach(function(o){\"function\"!=typeof(t=o.callable)&&(t=window[t]),\"action\"==n?t.apply(null,r):r[0]=t.apply(null,r)})),\"filter\"==n)return r[0]},removeHook:function(o,n,t,i){var r;null!=gform.hooks[o][n]&&(r=(r=gform.hooks[o][n]).filter(function(o,n,r){return!!(null!=i&&i!=o.tag||null!=t&&t!=o.priority)}),gform.hooks[o][n]=r)}});<\/script>\n                <div class='gf_browser_gecko gform_wrapper gravity-theme' id='gform_wrapper_3' ><form method='post' enctype='multipart\/form-data'  id='gform_3'  action='\/copisterias\/wp-json\/wp\/v2\/pages\/819' novalidate>\n                        <div class='gform_body gform-body'><div id='gform_fields_3' class='gform_fields top_label form_sublabel_below description_below'><div id=\"field_3_1\" class=\"gfield gfield_contains_required field_sublabel_below field_description_below gfield_visibility_visible\" ><label class='gfield_label' for='input_3_1' >NOMBRE<span class=\"gfield_required\"><span class=\"gfield_required gfield_required_text\">(Required)<\/span><\/span><\/label><div class='ginput_container ginput_container_text'><input name='input_1' id='input_3_1' type='text' value='' class='large'     aria-required=\"true\" aria-invalid=\"false\"   \/> <\/div><\/div><div id=\"field_3_2\" class=\"gfield gfield--width-full gfield_contains_required field_sublabel_below field_description_below gfield_visibility_visible\" ><label class='gfield_label' for='input_3_2' >EMPRESA<span class=\"gfield_required\"><span class=\"gfield_required gfield_required_text\">(Required)<\/span><\/span><\/label><div class='ginput_container ginput_container_text'><input name='input_2' id='input_3_2' type='text' value='' class='large'     aria-required=\"true\" aria-invalid=\"false\"   \/> <\/div><\/div><div id=\"field_3_12\" class=\"gfield gfield--width-full gfield_contains_required field_sublabel_below field_description_below gfield_visibility_visible\" ><label class='gfield_label' for='input_3_12' >CIF\/NIF<span class=\"gfield_required\"><span class=\"gfield_required gfield_required_text\">(Required)<\/span><\/span><\/label><div class='ginput_container ginput_container_text'><input name='input_12' id='input_3_12' type='text' value='' class='large'     aria-required=\"true\" aria-invalid=\"false\"   \/> <\/div><\/div><div id=\"field_3_4\" class=\"gfield gfield_contains_required field_sublabel_below field_description_below gfield_visibility_visible\" ><label class='gfield_label' for='input_3_4' >EMAIL<span class=\"gfield_required\"><span class=\"gfield_required gfield_required_text\">(Required)<\/span><\/span><\/label><div class='ginput_container ginput_container_email'>\n                            <input name='input_4' id='input_3_4' type='email' value='' class='large'    aria-required=\"true\" aria-invalid=\"false\"  \/>\n                        <\/div><\/div><div id=\"field_3_5\" class=\"gfield gfield_contains_required field_sublabel_below field_description_below gfield_visibility_visible\" ><label class='gfield_label' for='input_3_5' >TEL\u00c9FONO<span class=\"gfield_required\"><span class=\"gfield_required gfield_required_text\">(Required)<\/span><\/span><\/label><div class='ginput_container ginput_container_phone'><input name='input_5' id='input_3_5' type='tel' value='' class='large'   aria-required=\"true\" aria-invalid=\"false\"   \/><\/div><\/div><fieldset id=\"field_3_11\" class=\"gfield gfield--width-full gfield_contains_required field_sublabel_below field_description_below gfield_visibility_visible\" ><legend class='gfield_label'  >\u00bfEn que opci\u00f3n est\u00e1s interesado?<span class=\"gfield_required\"><span class=\"gfield_required gfield_required_text\">(Required)<\/span><\/span><\/legend><div class='ginput_container ginput_container_radio'><div class='gfield_radio' id='input_3_11'>\n\t\t\t<div class='gchoice gchoice_3_11_0'>\n\t\t\t\t\t<input class='gfield-choice-input' name='input_11' type='radio' value='OPCI\u00d3N FULL PACK'  id='choice_3_11_0' onchange='gformToggleRadioOther( this )'    \/>\n\t\t\t\t\t<label for='choice_3_11_0' id='label_3_11_0'>OPCI\u00d3N FULL PACK<\/label>\n\t\t\t<\/div>\n\t\t\t<div class='gchoice gchoice_3_11_1'>\n\t\t\t\t\t<input class='gfield-choice-input' name='input_11' type='radio' value='OPCI\u00d3N LITE'  id='choice_3_11_1' onchange='gformToggleRadioOther( this )'    \/>\n\t\t\t\t\t<label for='choice_3_11_1' id='label_3_11_1'>OPCI\u00d3N LITE<\/label>\n\t\t\t<\/div>\n\t\t\t<div class='gchoice gchoice_3_11_2'>\n\t\t\t\t\t<input class='gfield-choice-input' name='input_11' type='radio' value='S\u00d3LO M\u00d3DULO COPISTER\u00cdA'  id='choice_3_11_2' onchange='gformToggleRadioOther( this )'    \/>\n\t\t\t\t\t<label for='choice_3_11_2' id='label_3_11_2'>S\u00d3LO M\u00d3DULO COPISTER\u00cdA<\/label>\n\t\t\t<\/div>\n\t\t\t<div class='gchoice gchoice_3_11_3'>\n\t\t\t\t\t<input class='gfield-choice-input' name='input_11' type='radio' value='SOLICITAR UNA DEMO (SIN COMPROMISO NI COSTE)'  id='choice_3_11_3' onchange='gformToggleRadioOther( this )'    \/>\n\t\t\t\t\t<label for='choice_3_11_3' id='label_3_11_3'>SOLICITAR UNA DEMO (SIN COMPROMISO NI COSTE)<\/label>\n\t\t\t<\/div>\n\t\t\t<div class='gchoice gchoice_3_11_4'>\n\t\t\t\t\t<input class='gfield-choice-input' name='input_11' type='radio' value='NECESITO + INFO'  id='choice_3_11_4' onchange='gformToggleRadioOther( this )'    \/>\n\t\t\t\t\t<label for='choice_3_11_4' id='label_3_11_4'>NECESITO + INFO<\/label>\n\t\t\t<\/div><\/div><\/div><\/fieldset><fieldset id=\"field_3_9\" class=\"gfield gfield_contains_required field_sublabel_below field_description_below gfield_visibility_visible\" ><legend class='gfield_label gfield_label_before_complex'  >Pol\u00edtica de Privacidad<span class=\"gfield_required\"><span class=\"gfield_required gfield_required_text\">(Required)<\/span><\/span><\/legend><div class='ginput_container ginput_container_checkbox'><div class='gfield_checkbox' id='input_3_9'><div class='gchoice gchoice_3_9_1'>\n\t\t\t\t\t\t\t\t<input class='gfield-choice-input' name='input_9.1' type='checkbox'  value='Al pulsar el bot\u00f3n SOLICITAR COTIZACI\u00d3N se asume la pol\u00edtica de privacidad de Faconlead'  id='choice_3_9_1'   \/>\n\t\t\t\t\t\t\t\t<label for='choice_3_9_1' id='label_3_9_1'>Al pulsar el bot\u00f3n SOLICITAR COTIZACI\u00d3N se asume la pol\u00edtica de privacidad de Faconlead<\/label>\n\t\t\t\t\t\t\t<\/div><\/div><\/div><\/fieldset><\/div><\/div>\n        <div class='gform_footer top_label'> <input type='submit' id='gform_submit_button_3' class='gform_button button' value='SOLICITAR INFORMACI\u00d3N'  onclick='if(window[\"gf_submitting_3\"]){return false;}  if( !jQuery(\"#gform_3\")[0].checkValidity || jQuery(\"#gform_3\")[0].checkValidity()){window[\"gf_submitting_3\"]=true;}  ' onkeypress='if( event.keyCode == 13 ){ if(window[\"gf_submitting_3\"]){return false;} if( !jQuery(\"#gform_3\")[0].checkValidity || jQuery(\"#gform_3\")[0].checkValidity()){window[\"gf_submitting_3\"]=true;}  jQuery(\"#gform_3\").trigger(\"submit\",[true]); }' \/> \n            <input type='hidden' class='gform_hidden' name='is_submit_3' value='1' \/>\n            <input type='hidden' class='gform_hidden' name='gform_submit' value='3' \/>\n            \n            <input type='hidden' class='gform_hidden' name='gform_unique_id' value='' \/>\n            <input type='hidden' class='gform_hidden' name='state_3' value='WyJ7XCIxMVwiOltcImY1MTZkMzMwYmNjNDk0ZmM5ZTA2NDlkNzA3MWIyYmUzXCIsXCJiM2M0OWU3NTUyZTUxMzU2OTA1ZDRmNGI1OTgwNGM1NVwiLFwiYzU0YWQ3ZThlMDA1YjQ3ZTJlNTJjMDQ1OTBlMDAyZDdcIixcIjAxNjMwZTZiOWEzMTdkMjhkNmI5N2E4OGE2NDUzYTc0XCIsXCJiYzU0MjlkNGFlMTM1ODViZmQzYjY2N2NiZjVhYTQ5ZlwiXX0iLCI3ZTcxZTJkMDYxYmNhNmY0YjcxZThjNTNhNzA2MGUzZCJd' \/>\n            <input type='hidden' class='gform_hidden' name='gform_target_page_number_3' id='gform_target_page_number_3' value='0' \/>\n            <input type='hidden' class='gform_hidden' name='gform_source_page_number_3' id='gform_source_page_number_3' value='1' \/>\n            <input type='hidden' name='gform_field_values' value='' \/>\n            \n        <\/div>\n                        <\/form>\n                        <\/div>[\/vc_column][vc_column width=&#8221;1\/2&#8243;][vc_custom_heading text=&#8221;\u00bfQuieres m\u00e1s informaci\u00f3n o ya te has decidido a aumentar tu negocio?&#8221; font_container=&#8221;tag:div|font_size:30px|text_align:center|color:%23252525&#8243; use_theme_fonts=&#8221;yes&#8221; css=&#8221;.vc_custom_1684322919578{margin-top: 0px !important;margin-bottom: 10px !important;}&#8221;][vc_column_text]<\/p>\n<p style=\"text-align: justify;\">Si quieres m\u00e1s informaci\u00f3n sobre nuestro servicio o si ya te has decidido a apostar por nosotros puedes enviarnos un correo a <strong><a href=\"mailto:info@faconlead.com\">info@faconlead.com<\/a><\/strong> o bien cumplimentar el formulario adjunto. A la mayor brevedad nos pondremos en contacto contigo y resolvemos tus dudas y si ya est\u00e1s decidido,\u2026 empezamos con tu proyecto para que lo antes posible puedas empezar a hacer crecer tu negocio.<\/p>\n<p style=\"text-align: justify;\">Es una oportunidad para transformar tu negocio y ampliar tus ventas con una inversi\u00f3n m\u00ednima, totalmente controlada y que te permitir\u00e1 posicionarte en el, cada vez m\u00e1s imprescindible mundo online. Crea tu <strong>Copister\u00eda online<\/strong> ya y empieza a desarrollar tu negocio tambi\u00e9n en internet.<\/p>\n<p>[\/vc_column_text][vc_btn title=&#8221;VOLVER A FACONLEAD&#8221; align=&#8221;center&#8221; link=&#8221;url:http%3A%2F%2Fwww.faconlead.com&#8221;][\/vc_column][\/vc_row][vc_row][vc_column][vc_empty_space height=&#8221;100px&#8221;][\/vc_column][\/vc_row]<\/p>\n","protected":false},"excerpt":{"rendered":"<p>[vc_row][vc_column][vc_single_image image=&#8221;872&#8243; img_size=&#8221;full&#8221; alignment=&#8221;center&#8221; style=&#8221;vc_box_rounded&#8221;][vc_empty_space height=&#8221;40px&#8221; el_class=&#8221;hidden-sm hidden-xs&#8221;][vc_custom_heading text=&#8221;Abre tu Copister\u00eda online 24 horas&#8221; font_container=&#8221;tag:div|font_size:30px|text_align:center|color:%23252525&#8243; use_theme_fonts=&#8221;yes&#8221; css=&#8221;.vc_custom_1684345183504{margin-top: 0px !important;margin-bottom: 10px !important;}&#8221;][vc_empty_space el_class=&#8221;hidden-sm hidden-xs&#8221;][vc_column_text] \u00bfTienes una copister\u00eda o Imprenta? Si esta respuesta es afirmativa, est\u00e1s de suerte\u2026 Faconlead\u00a0puede ofrecerte un sistema para que tu Copister\u00eda online funcione 24 horas al d\u00eda, sin necesidad de contratar m\u00e1s &hellip; <br \/><a href=\"https:\/\/faconlead.com\/copisterias\/\" class=\"more-link\">Continue reading <span class=\"screen-reader-text\">Tr\u00e1nsformate a una Copister\u00eda online que venda 24 horas<\/span><\/a><\/p>\n","protected":false},"author":1,"featured_media":879,"parent":0,"menu_order":0,"comment_status":"closed","ping_status":"closed","template":"","meta":{"_monsterinsights_skip_tracking":false,"_monsterinsights_sitenote_active":false,"_monsterinsights_sitenote_note":"","_monsterinsights_sitenote_category":0},"_links":{"self":[{"href":"https:\/\/faconlead.com\/copisterias\/wp-json\/wp\/v2\/pages\/819"}],"collection":[{"href":"https:\/\/faconlead.com\/copisterias\/wp-json\/wp\/v2\/pages"}],"about":[{"href":"https:\/\/faconlead.com\/copisterias\/wp-json\/wp\/v2\/types\/page"}],"author":[{"embeddable":true,"href":"https:\/\/faconlead.com\/copisterias\/wp-json\/wp\/v2\/users\/1"}],"replies":[{"embeddable":true,"href":"https:\/\/faconlead.com\/copisterias\/wp-json\/wp\/v2\/comments?post=819"}],"version-history":[{"count":25,"href":"https:\/\/faconlead.com\/copisterias\/wp-json\/wp\/v2\/pages\/819\/revisions"}],"predecessor-version":[{"id":886,"href":"https:\/\/faconlead.com\/copisterias\/wp-json\/wp\/v2\/pages\/819\/revisions\/886"}],"wp:featuredmedia":[{"embeddable":true,"href":"https:\/\/faconlead.com\/copisterias\/wp-json\/wp\/v2\/media\/879"}],"wp:attachment":[{"href":"https:\/\/faconlead.com\/copisterias\/wp-json\/wp\/v2\/media?parent=819"}],"curies":[{"name":"wp","href":"https:\/\/api.w.org\/{rel}","templated":true}]}}